{"id":82,"date":"2013-06-14T11:11:01","date_gmt":"2013-06-14T10:11:01","guid":{"rendered":"http:\/\/www.seingalt.net\/?page_id=82"},"modified":"2023-10-20T10:02:31","modified_gmt":"2023-10-20T09:02:31","slug":"c-v-piet-eekman","status":"publish","type":"page","link":"https:\/\/www.seingalt.net\/?page_id=82","title":{"rendered":"PIET EEKMAN"},"content":{"rendered":"<p><a href=\"https:\/\/www.seingalt.net\/wp-content\/uploads\/2013\/06\/photo-piet.jpg\"><img loading=\"lazy\" decoding=\"async\" class=\"alignnone size-medium wp-image-107\" src=\"https:\/\/www.seingalt.net\/wp-content\/uploads\/2013\/06\/photo-piet-300x199.jpg\" alt=\"photo-piet\" width=\"300\" height=\"199\"><\/a><\/p>\n<p><strong>Membre fondateur de Seingalt, <\/strong><a title=\"Piet Eekman\" href=\"http:\/\/molotovfilm.be\/\" target=\"_blank\" rel=\"noopener\"><strong>Piet Eekman<\/strong><\/a>, n\u00e9 \u00e0 Berlin en 1964, a fait des \u00e9tudes de r\u00e9alisation \u00e0 l\u2019INSAS \u00e0 Bruxelles puis en ex-Allemagne de l\u2019Est \u00e0 l\u2019\u00e9cole de cin\u00e9ma HFF \u00e0 Postdam.<\/p>\n<p>Il a travaill\u00e9 quelques ann\u00e9es comme journaliste pour la ZDF (chaine nationale allemande) \u00e0 Bruxelles et r\u00e9alise quelques reportages dont \u00ab&nbsp;Dutroux und die toten Zeugen&nbsp;\u00bb et \u00ab&nbsp;Der Fall \u2018N\u2019&nbsp;\u00bb. Depuis 2000 il est r\u00e9alisateur ind\u00e9pendant et r\u00e9alise des documentaires souvent sociocritique pour le plupart en collaboration avec la chaine ARTE.<\/p>\n<p>En 2011 et 2012 il donne cours \u00e0 l\u2019universit\u00e9 de Leipzig en Documentaires pour enfants.<\/p>\n<p><span style=\"text-decoration: underline;\">ETUDES SUPERIEURES<\/span><\/p>\n<p>Hochschule f\u00fcr Film und Fernsehen Konrad Wolf, Potsdam&nbsp; \u201889-\u201990<\/p>\n<p>INSAS, Bruxelles &#8211; section r\u00e9alisation film &amp; t\u00e9l\u00e9vision&nbsp;&nbsp; \u201884-\u201988<\/p>\n<p>St. Lukas Instituut, Brussel &#8211; Film \u201883-\u201984<\/p>\n<p>APRES LES ETUDES<\/p>\n<p>Projectionniste au Mus\u00e9e de cin\u00e9ma \u00e0 Bruxelles \u201891-\u201893<\/p>\n<p>Producteur Salammbo Film &amp; TV \u201894-\u201895<\/p>\n<p>Producer pour la&nbsp; ZDF Studio Bruxelles \u201896-\u201800<\/p>\n<p>Depuis 2000 Auteur-r\u00e9alisateur ind\u00e9pendant<\/p>\n<p><span style=\"text-decoration: underline;\">FILMS<\/span><\/p>\n<p><b>Father G&nbsp; <\/b>Documentaire &#8211;&nbsp; 50\u2019 &#8211; Molotov films &#8211; 2012<\/p>\n<p><b>J\u00e9richo et le Mont de la Tentation&nbsp; <\/b>Documentaire &#8211; 43\u2019 &#8211;&nbsp; ARTE &#8211; 2011<b><br \/>\n<\/b><\/p>\n<p><b>J\u00e9richo et son patrimoine culturel&nbsp; <\/b>Reportage &#8211; 7\u2019 &#8211; Metropolis &#8211; 2011<\/p>\n<p><b>Deux fois plus sage <\/b>Documentaire &#8211; 18\u2019 &#8211; Blinkerfilm\/WDR &#8211; 2010<\/p>\n<p><b>SSPT \u2013 blessures invisibles&nbsp; <\/b>Documentaire &#8211;&nbsp; 45\u2019 &#8211;&nbsp; ARTE &#8211; 2008<\/p>\n<p><b>&nbsp;Les panoramas des 7 p\u00e9ch\u00e9s capitaux<\/b><b>&nbsp; <\/b>Reportage &#8211; 8\u2019 &#8211; Metropolis&nbsp; &#8211; 2008<\/p>\n<p><b>Europa Kinderland&nbsp;<\/b> Documentaire &#8211; 35\u2019 &#8211; Ausw\u00e4rtiges Amt Deutschland &#8211; 2007<\/p>\n<p><b>Une vie de cheval&nbsp; <\/b>Documentaire &#8211; 26\u2019 &#8211;&nbsp; ZDF\/ARTE&nbsp; &#8211; 2007<\/p>\n<p><b>Le sommeil perdu &#8211; <\/b>Documentaire-&nbsp; 65\u2019&nbsp; &#8211; ARTE &#8211;&nbsp; 2006<\/p>\n<p><b>Ferran Adria <\/b>Reportage&nbsp; &#8211; 8\u2019- Metropolis- 2006<\/p>\n<p><b>Les riches ne mangent pas d\u2019hamburger<\/b><b> <\/b>Documentaire- 55\u2019 &#8211; ARTE &#8211; 2006<\/p>\n<p><b>Champagne&nbsp;: un monde de bruts <\/b>Documentaire &#8211; 41\u2019- ZDF\/ARTE&nbsp; &#8211; 2005<\/p>\n<p><b>&nbsp;Erdbeben in Br\u00fcssel <\/b>Reportage &#8211; 58\u2019 &#8211; ZDF\/ARTE Co-Auteur U.V.Kampen &#8211; 2005<\/p>\n<p><b>Dutroux und die toten Zeugen<\/b> Reportage &#8211; 30\u2019 &#8211; ZDF &#8211; 2004<\/p>\n<p><b>Der Fall \u2018N\u2019 <\/b>Reportage &#8211; 38\u2019 &#8211; ZDF &#8211; 2004<\/p>\n<p><b>L\u2019oie, 4 cuisiniers &amp; ma M\u00eare <\/b>Documentaire &#8211; 60\u2019-&nbsp; ARTE &#8211; 2003<\/p>\n<p><b>&nbsp;Attentat au Paradis <\/b>Reportage &#8211; 30\u2019 &#8211; ARTE &#8211; 2003<\/p>\n<p><b>Ups and downs <\/b>Documentaire &#8211; 58\u2019 &#8211; ARTE &#8211; 2003<\/p>\n<p><b>Le cuisinier, le chien &amp; Dali <\/b>Documentaire &#8211; 60\u2019 &#8211; ARTE &#8211; 2002<\/p>\n<p><b>&nbsp;Le prix du sang&nbsp; <\/b>Reportage &#8211; 28\u2019&nbsp; &#8211; ARTE&nbsp; &#8211; 2002<\/p>\n<p><b>&nbsp;La diva et le cochon &#8211; <\/b>Documentaire &#8211; 45\u2019 &#8211; ZDF-ARTE &#8211; 2001<\/p>\n<p><b>Die Spur der Kind<\/b><b>ersch\u00e4nder <\/b>Documentaire &#8211; 45\u2019- ZDF &#8211; 2001<\/p>\n<p><b>&nbsp;Dans le vent&nbsp; <\/b>Documentaire &#8211; 45\u2019 &#8211; ZDF-ARTE Co-Auteur G.Helbig &#8211; 2000<\/p>\n<p><b>&nbsp;Nichts ist wie es scheint <\/b>Documentaire &#8211; 29\u2019 &#8211; ZDF-ARTE Co-Auteur G.Helbig &#8211; 1998<\/p>\n<p><b>&nbsp;Les mecs \u00e0 ma m\u00e9m\u00e9 <\/b>Documentaire &#8211; 20\u2019 &#8211; Piet Eekman &#8211; 1997<\/p>\n<p><b>Warten auf Leben <\/b>Reportage &#8211; 14\u2019 &#8211; ZDF-3Sat Co-Auteur G.Helbig &#8211; 1997<\/p>\n<p><i>&nbsp;<\/i><b>Toute une vie&#8230; B. Bartok&nbsp; <\/b>Documentaire&nbsp; &#8211; 55\u2019 &#8211; Salammbo-AVRO-RTBF-ORB &#8211; 1996<\/p>\n<p><b>Nix Los <\/b>Documentaire&nbsp; &#8211; 10\u2019 &#8211; Havarie Produktion &#8211; 1994<\/p>\n<p><b>Tanzen in Wittstock <\/b>Documentaire &#8211; 26\u2019 &#8211; ORB&nbsp; &#8211; 1994<\/p>\n<p><b>Maik\u00e4fer flieg&nbsp; <\/b>Documentaire &#8211; 26\u2019 &#8211;&nbsp; ORB &#8211; 1994<\/p>\n<p><b>Amaria Marchoun&nbsp; <\/b>Fiction &#8211;&nbsp; 10\u2019 &#8211; Insas&nbsp; &#8211; 1988<\/p>\n<p><b>Kolengruis <\/b>Documentaire &#8211; 14\u2019&nbsp; &#8211; Insas&nbsp; &#8211; 1987<\/p>\n<div id=\"ConnectiveDocSignExtentionInstalled\" data-extension-version=\"1.0.4\"><\/div>\n","protected":false},"excerpt":{"rendered":"<p>Membre fondateur de Seingalt, Piet Eekman, n\u00e9 \u00e0 Berlin en 1964, a fait des \u00e9tudes de r\u00e9alisation \u00e0 l\u2019INSAS \u00e0 Bruxelles puis en ex-Allemagne de l\u2019Est \u00e0 l\u2019\u00e9cole de cin\u00e9ma HFF \u00e0 Postdam. Il a travaill\u00e9 quelques ann\u00e9es comme journaliste &hellip; <a href=\"https:\/\/www.seingalt.net\/?page_id=82\">Continuer la lecture <span class=\"meta-nav\">&rarr;<\/span><\/a><\/p>\n","protected":false},"author":1,"featured_media":318,"parent":0,"menu_order":0,"comment_status":"closed","ping_status":"closed","template":"","meta":{"footnotes":""},"class_list":["post-82","page","type-page","status-publish","has-post-thumbnail","hentry"],"_links":{"self":[{"href":"https:\/\/www.seingalt.net\/index.php?rest_route=\/wp\/v2\/pages\/82","targetHints":{"allow":["GET"]}}],"collection":[{"href":"https:\/\/www.seingalt.net\/index.php?rest_route=\/wp\/v2\/pages"}],"about":[{"href":"https:\/\/www.seingalt.net\/index.php?rest_route=\/wp\/v2\/types\/page"}],"author":[{"embeddable":true,"href":"https:\/\/www.seingalt.net\/index.php?rest_route=\/wp\/v2\/users\/1"}],"replies":[{"embeddable":true,"href":"https:\/\/www.seingalt.net\/index.php?rest_route=%2Fwp%2Fv2%2Fcomments&post=82"}],"version-history":[{"count":14,"href":"https:\/\/www.seingalt.net\/index.php?rest_route=\/wp\/v2\/pages\/82\/revisions"}],"predecessor-version":[{"id":574,"href":"https:\/\/www.seingalt.net\/index.php?rest_route=\/wp\/v2\/pages\/82\/revisions\/574"}],"wp:featuredmedia":[{"embeddable":true,"href":"https:\/\/www.seingalt.net\/index.php?rest_route=\/wp\/v2\/media\/318"}],"wp:attachment":[{"href":"https:\/\/www.seingalt.net\/index.php?rest_route=%2Fwp%2Fv2%2Fmedia&parent=82"}],"curies":[{"name":"wp","href":"https:\/\/api.w.org\/{rel}","templated":true}]}}