{"id":794,"date":"2026-02-11T10:58:25","date_gmt":"2026-02-11T09:58:25","guid":{"rendered":"https:\/\/www.seingalt.net\/?page_id=794"},"modified":"2026-05-11T16:49:41","modified_gmt":"2026-05-11T15:49:41","slug":"la-vie-sans-eux","status":"publish","type":"page","link":"https:\/\/www.seingalt.net\/?page_id=794","title":{"rendered":"\u00ab\u00a0SANS E\u00a0\u00bb"},"content":{"rendered":"\n<p>\u00ab\u00a0<strong>SANS E<\/strong>\u00a0\u00bb est un nouveau projet de Fran\u00e7ois Ducat avec Seingalt.<\/p>\n\n\n\n<p>\u00ab Sans E \u00bb analyse le roman sans \u00ab&nbsp;e&nbsp;\u00bb de Georges Perec en s&rsquo;appuyant sur des images d&rsquo;archives, des \u00e9vocations, un extrait du \u00ab\u00a0Golem\u00a0\u00bb de Murnau et sur le regard de plusieurs personnalit\u00e9s litt\u00e9raires dont celles de la collection \u00ab\u00a0Perec 53\u00a0\u00bb chez \u00ab\u00a0L&rsquo;\u0153il \u00e9bloui\u00a0\u00bb. &nbsp;\u00ab\u00a0La disparition\u00a0\u00bb n&rsquo;\u00e9tait au d\u00e9but qu&rsquo;un exercice de style \u00e0 quatre mains puis c&rsquo;est devenu un projet de plus en plus personnel pour Perec. Le film tentera de comprendre pourquoi et verra les \u00e9l\u00e9ments formels qui le constituent (couleur, montage, son direct etc.) dispara\u00eetre les uns apr\u00e8s les autres pour rejoindre le constat perecquien que si \u00e0 la fin il ne reste rien, l\u2019art est l\u00e0 aussi pour lutter contre l\u2019oubli&#8230;<\/p>\n\n\n\n<p><strong><a href=\"https:\/\/fr.ulule.com\/la-disparition-de-georges-perec\/\">Une collecte sur Ulule<\/a> <\/strong>a \u00e9t\u00e9 lanc\u00e9e le 9 f\u00e9vrier 2026 en vue d&rsquo;obtenir 3000\u20ac pour effectuer les premiers rep\u00e9rages. Elle s&rsquo;est cl\u00f4tur\u00e9e avec succ\u00e8s le 31 mars. <\/p>\n\n\n\n<p><strong>Par arrangement avec les ayant droit le projet est actuellement en pause.<\/strong><\/p>\n","protected":false},"excerpt":{"rendered":"<p>\u00ab\u00a0SANS E\u00a0\u00bb est un nouveau projet de Fran\u00e7ois Ducat avec Seingalt. \u00ab Sans E \u00bb analyse le roman sans \u00ab&nbsp;e&nbsp;\u00bb de Georges Perec en s&rsquo;appuyant sur des images d&rsquo;archives, des \u00e9vocations, un extrait du \u00ab\u00a0Golem\u00a0\u00bb de Murnau et sur le &hellip; <a href=\"https:\/\/www.seingalt.net\/?page_id=794\">Continuer la lecture <span class=\"meta-nav\">&rarr;<\/span><\/a><\/p>\n","protected":false},"author":1,"featured_media":0,"parent":0,"menu_order":0,"comment_status":"closed","ping_status":"closed","template":"","meta":{"footnotes":""},"class_list":["post-794","page","type-page","status-publish","hentry"],"_links":{"self":[{"href":"https:\/\/www.seingalt.net\/index.php?rest_route=\/wp\/v2\/pages\/794","targetHints":{"allow":["GET"]}}],"collection":[{"href":"https:\/\/www.seingalt.net\/index.php?rest_route=\/wp\/v2\/pages"}],"about":[{"href":"https:\/\/www.seingalt.net\/index.php?rest_route=\/wp\/v2\/types\/page"}],"author":[{"embeddable":true,"href":"https:\/\/www.seingalt.net\/index.php?rest_route=\/wp\/v2\/users\/1"}],"replies":[{"embeddable":true,"href":"https:\/\/www.seingalt.net\/index.php?rest_route=%2Fwp%2Fv2%2Fcomments&post=794"}],"version-history":[{"count":10,"href":"https:\/\/www.seingalt.net\/index.php?rest_route=\/wp\/v2\/pages\/794\/revisions"}],"predecessor-version":[{"id":818,"href":"https:\/\/www.seingalt.net\/index.php?rest_route=\/wp\/v2\/pages\/794\/revisions\/818"}],"wp:attachment":[{"href":"https:\/\/www.seingalt.net\/index.php?rest_route=%2Fwp%2Fv2%2Fmedia&parent=794"}],"curies":[{"name":"wp","href":"https:\/\/api.w.org\/{rel}","templated":true}]}}