{"id":336,"date":"2021-06-14T10:24:12","date_gmt":"2021-06-14T09:24:12","guid":{"rendered":"http:\/\/www.seingalt.net\/?page_id=336"},"modified":"2025-01-27T17:55:13","modified_gmt":"2025-01-27T16:55:13","slug":"coloniaux","status":"publish","type":"page","link":"https:\/\/www.seingalt.net\/?page_id=336","title":{"rendered":"HOMMAGE AUX PEUPLES COLONIS\u00c9S"},"content":{"rendered":"<div class=\"page\" title=\"Page 3\">\n<div class=\"section\">\n<div class=\"layoutArea\">\n<div class=\"column\">\n<p><a href=\"https:\/\/www.seingalt.net\/wp-content\/uploads\/2021\/06\/TITRE-e1626079093507.jpg\"><img loading=\"lazy\" decoding=\"async\" class=\"alignnone size-full wp-image-345\" src=\"https:\/\/www.seingalt.net\/wp-content\/uploads\/2021\/06\/TITRE-e1626079093507.jpg\" alt=\"TITRE\" width=\"741\" height=\"340\"><\/a><\/p>\n<p style=\"text-align: center;\"><strong>CR\u00c9ATION ORIGINALE DE FRAN\u00c7OIS DUCAT<\/strong><\/p>\n<p>En <strong>2021<\/strong>, Dans le cadre du <strong>Festival des Solidarite\u0301s Internationales <\/strong>initi\u00e9 par la COMMUNE D&rsquo;ANDERLECHT, l&rsquo;asbl anderlechtoise <strong>Seingalt <\/strong>a r\u00e9alis\u00e9 un \u00ab\u00a0<em>monument \u00e9ph\u00e9m\u00e8re en hommage aux peuples colonis\u00e9s<\/em>\u00a0\u00bb sur le SQUARE DES V\u00c9T\u00c9RANS COLONIAUX.<\/p>\n<p>Il \u00e9tait \u00e0 voir (<em>et \u00e0 entendre!<\/em>) <strong>du 1er au 17 octobre 2021 <\/strong><strong>sur le square-m\u00eame<\/strong> au croisement entre les Boulevards Jules Graindor et Maurice Herbette, l&rsquo;Avenue de Scheut, les rues de l&rsquo;Agrafe, D\u00e9mosth\u00e8ne et Debatty.<\/p>\n<p><a href=\"https:\/\/vimeo.com\/manage\/videos\/623372434\">CLIP DE PRESENTATION<\/a><\/p>\n<p>On pouvait y d\u00e9couvrir<\/p>\n<p style=\"text-align: left;\">1. <strong>En fran\u00e7ais et en n\u00e9erlandais la citation d<\/strong>&lsquo;<strong>Aim\u00e9 C\u00e9saire<\/strong> tir\u00e9e&nbsp;du \u00ab&nbsp;<strong>Discours sur le colonialisme <\/strong>\u00bb (Paris 1950):<br \/>\n\u00ab&nbsp;On me parle de progr\u00e8s, de \u00ab&nbsp;r\u00e9alisations&nbsp;\u00bb, de maladies \u00ab\u00a0gu\u00e9ries\u00a0\u00bb, de niveaux de vie \u00e9lev\u00e9s au-dessus d\u2019eux-m\u00eames. Moi je parle de soci\u00e9t\u00e9s vid\u00e9es d\u2019elles-m\u00eames, de cultures pi\u00e9tin\u00e9es, d\u2019institutions min\u00e9es, de terres confisqu\u00e9es, de religions assassin\u00e9es, de magnificences artistiques an\u00e9anties, d\u2019extraordianaires possibilit\u00e9s supprim\u00e9es&nbsp;\u00bb.<\/p>\n<p style=\"text-align: left;\">2.&nbsp; <strong>Deux QR CODES \u00e0 scanner<\/strong> pour avoir acc\u00e8s \u00e0 deux entretiens <strong>audios<\/strong>. <span style=\"color: #0000ff;\"><em><strong>Attention&nbsp;<\/strong>certains smartphones ne lisent pas de QR code via l&rsquo;appareil photo sans une application d\u00e9di\u00e9e. Il faudra donc parfois t\u00e9l\u00e9charger un \u00ab\u00a0QR code reader\u00a0\u00bb ou autre pour acc\u00e9der au fichier audio.<\/em><\/span><\/p>\n<p style=\"text-align: center;\"><a href=\"https:\/\/www.dropbox.com\/s\/oenmu4bdey3as9e\/YANG_mixage%20final.wav?dl=0\">L&rsquo;interview de <strong>YANGKARTSANG<\/strong><\/a>, chanteuse tib\u00e9taine r\u00e9fugi\u00e9e en Belgique depuis 1997.<\/p>\n<p style=\"text-align: center;\">&nbsp;<a href=\"https:\/\/www.seingalt.net\/wp-content\/uploads\/2021\/06\/3_DEF.jpg\"><img loading=\"lazy\" decoding=\"async\" class=\"alignnone wp-image-377 size-full\" src=\"https:\/\/www.seingalt.net\/wp-content\/uploads\/2021\/06\/3_DEF.jpg\" alt=\"\" width=\"875\" height=\"1500\" srcset=\"https:\/\/www.seingalt.net\/wp-content\/uploads\/2021\/06\/3_DEF.jpg 875w, https:\/\/www.seingalt.net\/wp-content\/uploads\/2021\/06\/3_DEF-175x300.jpg 175w, https:\/\/www.seingalt.net\/wp-content\/uploads\/2021\/06\/3_DEF-597x1024.jpg 597w\" sizes=\"auto, (max-width: 875px) 100vw, 875px\" \/><\/a><\/p>\n<p style=\"text-align: center;\"><a href=\"https:\/\/www.dropbox.com\/s\/3bn9pocch3pjwc7\/RAED_mixage%20final_1.wav?dl=0\">L&rsquo;interview de <strong>RAED<\/strong><\/a>, voyagiste palestinien r\u00e9sidant en Belgique depuis les ann\u00e9es 1990.<\/p>\n<p style=\"text-align: center;\"><a href=\"https:\/\/www.seingalt.net\/wp-content\/uploads\/2021\/06\/RAED.jpg\"><img loading=\"lazy\" decoding=\"async\" class=\"alignnone size-full wp-image-372\" src=\"https:\/\/www.seingalt.net\/wp-content\/uploads\/2021\/06\/RAED.jpg\" alt=\"RAED\" width=\"468\" height=\"842\" srcset=\"https:\/\/www.seingalt.net\/wp-content\/uploads\/2021\/06\/RAED.jpg 468w, https:\/\/www.seingalt.net\/wp-content\/uploads\/2021\/06\/RAED-167x300.jpg 167w\" sizes=\"auto, (max-width: 468px) 100vw, 468px\" \/><\/a><\/p>\n<p style=\"text-align: center;\">Concept, images, sons, montages: <strong>Fran\u00e7ois Ducat<\/strong><\/p>\n<p>En 2024, le Mus\u00e9e des R\u00e9sistances d&rsquo;Anderlecht s&rsquo;est propos\u00e9 d&rsquo;accueillir l&rsquo;installation dans son espace r\u00e9nov\u00e9. H\u00e9las suite \u00e0 des probl\u00e8mes le chantier s\u2019est arr\u00eat\u00e9. Heureusement le <strong>CENTRE CULTUREL FLAMAND DE RINCK<\/strong> a bien voulu accueillir l\u2019installation en attendant la reprise du chantier et la r\u00e9ouverture du Mus\u00e9e.<\/p>\n<p>\u00ab\u00a0<strong>HOMMAGE AUX PEUPLES COLONISES<\/strong>\u00a0\u00bb <strong>version 2024<\/strong> est en cours de finalisation. Ce sera un Triptyque r\u00e9alis\u00e9 avec le soutien de la COCOF et de la cellule des Relations Internationales de la Commune d&rsquo;Anderlecht. Graphiste: Olivier Verdon. Voix f\u00e9minine pour la version n\u00e9erlandophone: Sofie CATTRY. Son accrochage \u00e0 de Rinck est pr\u00e9vu pour le 27 janvier 2025.<\/p>\n<p><strong>REMERCIEMENTS 2021<\/strong>:<\/p>\n<p><strong>Yangkartsang Yangdutso<\/strong> (musique, voix d&rsquo;or et sushis) et <strong>Raed Athi\u00e9<\/strong> (disponibilit\u00e9, accueil, clart\u00e9) , <strong>Shenpen<\/strong> du Centre d&rsquo;\u00e9tudes tib\u00e9taines,&nbsp;<strong>Bernard Verstraete<\/strong>,&nbsp;<strong>Nadia Farkh<\/strong>&nbsp;de l\u2019ABP (contacts), <strong>Olivier Verdon<\/strong> et <strong>Isabelle Ducat<\/strong> (expertise graphique), <strong>Brenda Lira<\/strong> (l&rsquo;\u00e9tincelle) <strong>Julien Milquet<\/strong> et <strong>Mehdi Mebarki<\/strong> pour leur soutien, <strong>Piet Eekman<\/strong> et <strong>Vania Ramirez Carrasco<\/strong>&nbsp; (traduction n\u00e9erlandais) et \u00e0 <strong>Vania&nbsp;Ramirez Carrasco <\/strong>, <strong>Annick Cornil<\/strong>, <strong>Paulette Matkovic, Allal Taleb<\/strong>, <strong>Pierre Lacourt<\/strong> et <strong>Andr\u00e9a Bardos<\/strong> pour leur \u00e9coute attentive.<\/p>\n<p>Cette structure fut ensuite install\u00e9e dans parc du Petit Scheut. Une version murale devait \u00eatre expos\u00e9e au <strong>Mus\u00e9e &nbsp;des R\u00e9sistances<\/strong> rue Van Lint mais suite aux probl\u00e8mes rencontr\u00e9s avec son chantier, l\u2019installation sera accueillie dans un autre lieu communal qui reste \u00e0 confirmer.<\/p>\n<\/div>\n<\/div>\n<\/div>\n<\/div>\n<div class=\"column\">\n<p><i>\u00c0 l&rsquo;initiative de Julien Milquet, \u00c9chevin des Relations Internationales. Avec le soutien de Fabrice Cumps, Bourgmestre, et des membres du Coll\u00e8ge \u00c9chevinal d&rsquo;Anderlecht.<br \/>\n<\/i><\/p>\n<p><i>Op initiatief van Julien Milquet, schepen van&nbsp;<\/i><i>Internationale&nbsp;<\/i><i>Betrekkingen. Met de steun van Fabrice Cumps, burgemeester, en de leden van het schepencollege van Anderlecht.&nbsp;<\/i><\/p>\n<p><a href=\"https:\/\/www.seingalt.net\/wp-content\/uploads\/2021\/06\/1070-Anderlecht-logo.jpg\"><img loading=\"lazy\" decoding=\"async\" class=\"  wp-image-343 alignleft\" src=\"https:\/\/www.seingalt.net\/wp-content\/uploads\/2021\/06\/1070-Anderlecht-logo.jpg\" alt=\"1070-Anderlecht-logo\" width=\"148\" height=\"145\" srcset=\"https:\/\/www.seingalt.net\/wp-content\/uploads\/2021\/06\/1070-Anderlecht-logo.jpg 444w, https:\/\/www.seingalt.net\/wp-content\/uploads\/2021\/06\/1070-Anderlecht-logo-300x295.jpg 300w, https:\/\/www.seingalt.net\/wp-content\/uploads\/2021\/06\/1070-Anderlecht-logo-306x300.jpg 306w\" sizes=\"auto, (max-width: 148px) 100vw, 148px\" \/><\/a><a href=\"https:\/\/www.seingalt.net\/wp-content\/uploads\/2013\/03\/Logo-Seingalt_CMJN.jpg\"><img loading=\"lazy\" decoding=\"async\" class=\"  wp-image-264 aligncenter\" src=\"https:\/\/www.seingalt.net\/wp-content\/uploads\/2013\/03\/Logo-Seingalt_CMJN.jpg\" alt=\"Logo-Seingalt_CMJN\" width=\"285\" height=\"148\"><\/a><a href=\"https:\/\/www.seingalt.net\/wp-content\/uploads\/2021\/06\/1070-maison-des-voyageurs.jpg\"><img loading=\"lazy\" decoding=\"async\" class=\"  wp-image-364 alignright\" src=\"https:\/\/www.seingalt.net\/wp-content\/uploads\/2021\/06\/1070-maison-des-voyageurs.jpg\" alt=\"1070-logo-maison-des-voyageurs\" width=\"276\" height=\"116\"><\/a><\/p>\n<\/div>\n<div id=\"ConnectiveDocSignExtentionInstalled\" data-extension-version=\"1.0.4\"><\/div>\n","protected":false},"excerpt":{"rendered":"<p>CR\u00c9ATION ORIGINALE DE FRAN\u00c7OIS DUCAT En 2021, Dans le cadre du Festival des Solidarite\u0301s Internationales initi\u00e9 par la COMMUNE D&rsquo;ANDERLECHT, l&rsquo;asbl anderlechtoise Seingalt a r\u00e9alis\u00e9 un \u00ab\u00a0monument \u00e9ph\u00e9m\u00e8re en hommage aux peuples colonis\u00e9s\u00a0\u00bb sur le SQUARE DES V\u00c9T\u00c9RANS COLONIAUX. Il &hellip; <a href=\"https:\/\/www.seingalt.net\/?page_id=336\">Continuer la lecture <span class=\"meta-nav\">&rarr;<\/span><\/a><\/p>\n","protected":false},"author":1,"featured_media":345,"parent":0,"menu_order":0,"comment_status":"closed","ping_status":"closed","template":"","meta":{"footnotes":""},"class_list":["post-336","page","type-page","status-publish","has-post-thumbnail","hentry"],"_links":{"self":[{"href":"https:\/\/www.seingalt.net\/index.php?rest_route=\/wp\/v2\/pages\/336","targetHints":{"allow":["GET"]}}],"collection":[{"href":"https:\/\/www.seingalt.net\/index.php?rest_route=\/wp\/v2\/pages"}],"about":[{"href":"https:\/\/www.seingalt.net\/index.php?rest_route=\/wp\/v2\/types\/page"}],"author":[{"embeddable":true,"href":"https:\/\/www.seingalt.net\/index.php?rest_route=\/wp\/v2\/users\/1"}],"replies":[{"embeddable":true,"href":"https:\/\/www.seingalt.net\/index.php?rest_route=%2Fwp%2Fv2%2Fcomments&post=336"}],"version-history":[{"count":36,"href":"https:\/\/www.seingalt.net\/index.php?rest_route=\/wp\/v2\/pages\/336\/revisions"}],"predecessor-version":[{"id":745,"href":"https:\/\/www.seingalt.net\/index.php?rest_route=\/wp\/v2\/pages\/336\/revisions\/745"}],"wp:featuredmedia":[{"embeddable":true,"href":"https:\/\/www.seingalt.net\/index.php?rest_route=\/wp\/v2\/media\/345"}],"wp:attachment":[{"href":"https:\/\/www.seingalt.net\/index.php?rest_route=%2Fwp%2Fv2%2Fmedia&parent=336"}],"curies":[{"name":"wp","href":"https:\/\/api.w.org\/{rel}","templated":true}]}}