{"id":273,"date":"2019-02-26T15:25:44","date_gmt":"2019-02-26T14:25:44","guid":{"rendered":"http:\/\/www.seingalt.net\/?page_id=273"},"modified":"2023-02-01T16:54:31","modified_gmt":"2023-02-01T15:54:31","slug":"eux-vus-dici-le-grand-projet-de-seingalt-en-2019","status":"publish","type":"page","link":"https:\/\/www.seingalt.net\/?page_id=273","title":{"rendered":"EUX VUS D&rsquo;ICI (2020)"},"content":{"rendered":"\n<p><\/p>\n\n\n\n<p><strong>EPISODE 1<\/strong>: <a href=\"https:\/\/vimeo.com\/347477571\">https:\/\/vimeo.com\/347477571<\/a><\/p>\n\n\n\n<p><strong>EPISODE 2<\/strong>: <a href=\"https:\/\/vimeo.com\/347481932\">https:\/\/vimeo.com\/347481932<\/a><\/p>\n\n\n\n<p><strong>EPISODE 3<\/strong>: <a href=\"https:\/\/vimeo.com\/353321120\">https:\/\/vimeo.com\/353321120<\/a><\/p>\n\n\n\n<p><strong>EPISODE 4<\/strong>: <a href=\"https:\/\/vimeo.com\/353321120\">https:\/\/vimeo.com\/353321120<\/a><\/p>\n\n\n\n<p><strong>VERSION LONGUE<\/strong> (les 4 \u00e9pisodes mont\u00e9s \u00e0 la suite) : <a href=\"https:\/\/vimeo.com\/358013116\">https:\/\/vimeo.com\/358013116<\/a><\/p>\n\n\n\n<p><\/p>\n\n\n<p><a href=\"https:\/\/www.seingalt.net\/wp-content\/uploads\/2019\/02\/PRIX_EUX.jpg\"><img loading=\"lazy\" decoding=\"async\" class=\"alignnone size-full wp-image-323\" src=\"https:\/\/www.seingalt.net\/wp-content\/uploads\/2019\/02\/PRIX_EUX.jpg\" alt=\"PRIX_EUX\" width=\"860\" height=\"935\" \/><\/a><\/p>\n<p>\u00a0<\/p>\n<p>\u00a0<\/p>\n<p>Nous avons enfin re\u00e7u du GSARA la date de programmation \u00a0de EUX VUS D\u2019ICI pour le Festival ONLINE Court-Circuit (\u00a0<a class=\"moz-txt-link-abbreviated\" href=\"http:\/\/www.coupecircuit.be\/\">www.coupecircuit.be<\/a>.)<\/p>\n<div>\n<p align=\"justify\"><b>Semaine 4 \/ Th\u00e9matique \u00ab\u00a0Jeunesse\u00a0\u00bb<\/b><a href=\"2020-09-01%2012:00:00%20UTC+2\">Mardi<\/a>\u00a0<a href=\"2020-10-20%2012:00:00%20UTC+2\">20 octobre<\/a>:\u00a0EUX, VUS D\u2019ICI de Seingalt asbl.<\/p>\n<p align=\"justify\"><i>Livestream<\/i><\/p>\n<p align=\"justify\"><a href=\"2020-09-04%2012:00:00%20UTC+2\">VENDREDI<\/a>\u00a0<a href=\"2020-10-23%2018:00:00%20UTC+2\">23 OCTOBRE \u00e0\u00a018h<\/a> \u00e0\u00a0<b>Charleroi<\/b>.<\/p>\n<p align=\"justify\">Invit\u00e9s\u00a0: G\u00e9raldine Charpentier,\u00a0Fran\u00e7ois Ducat (et les participants \u00e0 l\u2019atelier), Anne-Lyse Souquet &amp; Olivier Charlier (et les participants \u00e0 l\u2019atelier), Fr\u00e9d\u00e9ric Hainaut, Louise-Marie Colon (et les participants \u00e0 l\u2019atelier).<\/p>\n<\/div>\n<div>\n<p align=\"justify\">la c\u00e9r\u00e9monie de cl\u00f4ture aura lieu\u00a0<a href=\"2020-10-29%2012:00:00%20UTC+1\">le jeudi 29 octobre<\/a>. Y seront d\u00e9cern\u00e9s 5 prix\u00a0:<\/p>\n<p align=\"justify\">-Les prix de la singularit\u00e9, de l\u2019engagement et de l\u2019\u00e9motion, remis par notre jury citoyen.<\/p>\n<p align=\"justify\">-Le prix du jury professionnel, remis par un groupe de partenaires \u00e0 notre festival.<\/p>\n<p align=\"justify\">-Le prix du public, selon les votes en ligne.<\/p>\n<\/div>\n<p>Seingalt poursuit son travail autour du conflit isra\u00e9lo-palestinien. Cette fois c\u00f4t\u00e9 Bruxelles.<\/p>\n<p>Plus d&rsquo;info <strong><a href=\"https:\/\/euxvusdici.wordpress.com\/\" target=\"_blank\" rel=\"noopener\">ICI<\/a>\u00a0<\/strong><\/p>\n<p>\u00a0<\/p>\n<p><a href=\"https:\/\/www.seingalt.net\/wp-content\/uploads\/2019\/02\/Chez-Ilyas_02.jpg\"><img loading=\"lazy\" decoding=\"async\" class=\"alignnone size-full wp-image-274\" src=\"https:\/\/www.seingalt.net\/wp-content\/uploads\/2019\/02\/Chez-Ilyas_02.jpg\" alt=\"Chez Ilyas_02\" width=\"1778\" height=\"999\" srcset=\"https:\/\/www.seingalt.net\/wp-content\/uploads\/2019\/02\/Chez-Ilyas_02.jpg 1778w, https:\/\/www.seingalt.net\/wp-content\/uploads\/2019\/02\/Chez-Ilyas_02-300x169.jpg 300w, https:\/\/www.seingalt.net\/wp-content\/uploads\/2019\/02\/Chez-Ilyas_02-1024x575.jpg 1024w\" sizes=\"auto, (max-width: 1778px) 100vw, 1778px\" \/><\/a><\/p>","protected":false},"excerpt":{"rendered":"<p>EPISODE 1: https:\/\/vimeo.com\/347477571 EPISODE 2: https:\/\/vimeo.com\/347481932 EPISODE 3: https:\/\/vimeo.com\/353321120 EPISODE 4: https:\/\/vimeo.com\/353321120 VERSION LONGUE (les 4 \u00e9pisodes mont\u00e9s \u00e0 la suite) : https:\/\/vimeo.com\/358013116 \u00a0 \u00a0 Nous avons enfin re\u00e7u du GSARA la date de programmation \u00a0de EUX VUS D\u2019ICI pour &hellip; <a href=\"https:\/\/www.seingalt.net\/?page_id=273\">Continuer la lecture <span class=\"meta-nav\">&rarr;<\/span><\/a><\/p>\n","protected":false},"author":1,"featured_media":286,"parent":0,"menu_order":0,"comment_status":"closed","ping_status":"closed","template":"","meta":{"footnotes":""},"class_list":["post-273","page","type-page","status-publish","has-post-thumbnail","hentry"],"_links":{"self":[{"href":"https:\/\/www.seingalt.net\/index.php?rest_route=\/wp\/v2\/pages\/273","targetHints":{"allow":["GET"]}}],"collection":[{"href":"https:\/\/www.seingalt.net\/index.php?rest_route=\/wp\/v2\/pages"}],"about":[{"href":"https:\/\/www.seingalt.net\/index.php?rest_route=\/wp\/v2\/types\/page"}],"author":[{"embeddable":true,"href":"https:\/\/www.seingalt.net\/index.php?rest_route=\/wp\/v2\/users\/1"}],"replies":[{"embeddable":true,"href":"https:\/\/www.seingalt.net\/index.php?rest_route=%2Fwp%2Fv2%2Fcomments&post=273"}],"version-history":[{"count":8,"href":"https:\/\/www.seingalt.net\/index.php?rest_route=\/wp\/v2\/pages\/273\/revisions"}],"predecessor-version":[{"id":424,"href":"https:\/\/www.seingalt.net\/index.php?rest_route=\/wp\/v2\/pages\/273\/revisions\/424"}],"wp:featuredmedia":[{"embeddable":true,"href":"https:\/\/www.seingalt.net\/index.php?rest_route=\/wp\/v2\/media\/286"}],"wp:attachment":[{"href":"https:\/\/www.seingalt.net\/index.php?rest_route=%2Fwp%2Fv2%2Fmedia&parent=273"}],"curies":[{"name":"wp","href":"https:\/\/api.w.org\/{rel}","templated":true}]}}